{"id":2087,"date":"2025-04-18T12:28:46","date_gmt":"2025-04-18T10:28:46","guid":{"rendered":"https:\/\/zielonowglowie.edu.pl\/?page_id=2087"},"modified":"2025-04-18T12:28:46","modified_gmt":"2025-04-18T10:28:46","slug":"kapiele-lesne-na-wzgorzach-dylewskich","status":"publish","type":"page","link":"https:\/\/zielonowglowie.edu.pl\/index.php\/kapiele-lesne-na-wzgorzach-dylewskich\/","title":{"rendered":"K\u0105piele le\u015bne na Wzg\u00f3rzach Dylewskich"},"content":{"rendered":"<section class=\"wpb-content-wrapper\"><p>[vc_row][vc_column width=&#8221;1\/6&#8243;][\/vc_column][vc_column width=&#8221;2\/3&#8243;][vc_column_text]Wzg\u00f3rza Dylewskie to malowniczy region po\u0142o\u017cony w p\u00f3\u0142nocno-wschodniej Polsce, znany ze swojego unikalnego krajobrazu i bogactwa przyrodniczego. Obszar ten charakteryzuj\u0105 \u0142agodne wzniesienia i g\u0119ste lasy. Region ten jest idealnym miejscem dla os\u00f3b szukaj\u0105cych spokoju i relaksu w otoczeniu natury, z dala od miejskiego zgie\u0142ku.<\/p>\n<p>Panuj\u0105ca tu spok\u00f3j i cisza przerywana tylko odg\u0142osami natury, stwarzaj\u0105 idealne warunki do zaznania k\u0105pieli le\u015bnej.[\/vc_column_text]<div class=\"grve-empty-space grve-height-1x\"><\/div><div class=\"grve-element grve-image grve-align-center\">\r\n\t<div class=\"grve-image-item\">\r\n\t\t\r\n\r\n<div class=\"grve-image-wrapper grve-no-effect\">\r\n\t\t<div class=\"grve-thumbnail-wrapper\"  style=\"width: 1400px;\"><div class=\"grve-thumbnail\"  style=\"padding-top: 66.786%;\"><img fetchpriority=\"high\" decoding=\"async\" width=\"1400\" height=\"935\" src=\"https:\/\/zielonowglowie.edu.pl\/wp-content\/uploads\/2024\/02\/DSC_1585.jpg\" class=\"attachment-full size-full\" alt=\"K\u0105piel le\u015bna | Wzg\u00f3rza Dylewskie\" data-column-space=\"auto\" data-lazyload=\"\" data-grve-filter=\"yes\" srcset=\"https:\/\/zielonowglowie.edu.pl\/wp-content\/uploads\/2024\/02\/DSC_1585.jpg 1400w, https:\/\/zielonowglowie.edu.pl\/wp-content\/uploads\/2024\/02\/DSC_1585-300x200.jpg 300w, https:\/\/zielonowglowie.edu.pl\/wp-content\/uploads\/2024\/02\/DSC_1585-1024x684.jpg 1024w, https:\/\/zielonowglowie.edu.pl\/wp-content\/uploads\/2024\/02\/DSC_1585-768x513.jpg 768w\" sizes=\"(max-width: 1400px) 100vw, 1400px\" \/><\/div><\/div>\t<\/div>\r\n\t<\/div>\r\n<\/div>\r\n<div class=\"grve-empty-space grve-height-1x\"><\/div>[vc_column_text]<\/p>\n<h3 class=\"p1\"><b>Czym jest k\u0105piel le\u015bna?<\/b><\/h3>\n<p class=\"p2\">K\u0105piel le\u015bna to dos\u0142owne t\u0142umaczenie japo\u0144skiego terminu shinrin-yoku. To praktyka uwa\u017cno\u015bci, zmierzaj\u0105ca do do\u015bwiadczenia lasu wszystkimi zmys\u0142ami, podczas kt\u00f3rej \u201ezanurzamy si\u0119\u201d w atmosferze lasu i korzystamy z jego leczniczych w\u0142a\u015bciwo\u015bci.<\/p>\n<p class=\"p2\">Ta prozdrowotna praktyka kontaktu z natur\u0105 mo\u017ce by\u0107 wykorzystywana jako technika profilaktyczna wielu chor\u00f3b cywilizacyjnych. Cz\u0119sto nazywana jest te\u017c lasoterapi\u0105.<\/p>\n<p>Zajrzyj do <a href=\"https:\/\/zielonowglowie.edu.pl\/index.php\/baza-wiedzy\/\">bazy wiedzy<\/a>, \u017ceby dowiedzie\u0107 si\u0119 wi\u0119cej o k\u0105pielach le\u015bnych.[\/vc_column_text]<div class=\"grve-empty-space grve-height-1x\"><\/div>[\/vc_column][vc_column width=&#8221;1\/6&#8243;][\/vc_column][\/vc_row][vc_row rc_bg_type=&#8221;color&#8221; rc_bg_color=&#8221;#faf5f2&#8243;][vc_column width=&#8221;1\/2&#8243; vertical_content_position=&#8221;middle&#8221; text_align=&#8221;center&#8221;]<div class=\"grve-empty-space grve-height-1x\"><\/div>[vc_column_text]<\/p>\n<h3 style=\"text-align: left;\"><strong>Zapytaj o wolny termin<\/strong><\/h3>\n<p style=\"text-align: left;\">Um\u00f3w si\u0119 na indywidualn\u0105 k\u0105piel le\u015bn\u0105 w dogodnym dla ciebie terminie.<\/p>\n<p>[\/vc_column_text]<div class=\"grve-empty-space grve-height-1x\"><\/div>[vc_column_text]<\/p>\n<p style=\"text-align: left;\"><strong>Cennik<\/strong><\/p>\n<p style=\"text-align: left;\"><strong>7 \u2013 15 os\u00f3b, 80 z\u0142 od osoby <\/strong><\/p>\n<p style=\"text-align: left;\"><strong>4 \u2013 6 os\u00f3b, 125 z\u0142 od osoby <\/strong><\/p>\n<p style=\"text-align: left;\"><strong>1 &#8211; 3 os\u00f3b, 650 z\u0142 za ca\u0142y spacer<\/strong><\/p>\n<p>[\/vc_column_text]<div class=\"grve-empty-space grve-height-1x\"><\/div><div class=\"grve-element grve-align-left\"><a href=\"https:\/\/zielonowglowie.edu.pl\/index.php\/kontakt\/\" title=\"Pogadajmy!\" class=\"grve-btn grve-square grve-bg-primary-1 grve-border-primary-1 grve-bg-hover-black grve-border-hover-black grve-text-white grve-text-hover-white grve-btn-small\">\r\n\t\t<span>Skontaktuj si\u0119<\/span>\r\n\t\t<span class=\"screen-reader-text\">Przejd\u017a do kontaktu<\/span>\r\n\t\t\t\t\t\t\t<\/a><\/div><div class=\"grve-empty-space grve-height-1x\"><\/div>[\/vc_column][vc_column width=&#8221;1\/2&#8243; vertical_content_position=&#8221;middle&#8221; text_align=&#8221;center&#8221;]<div class=\"grve-element grve-image grve-align-center\">\r\n\t<div class=\"grve-image-item\">\r\n\t\t\r\n\r\n<div class=\"grve-image-wrapper grve-no-effect\">\r\n\t\t<div class=\"grve-thumbnail-wrapper\"  style=\"width: 1400px;\"><div class=\"grve-thumbnail\"  style=\"padding-top: 66.786%;\"><img fetchpriority=\"high\" decoding=\"async\" width=\"1400\" height=\"935\" src=\"https:\/\/zielonowglowie.edu.pl\/wp-content\/uploads\/2024\/02\/DSC_1585.jpg\" class=\"attachment-full size-full\" alt=\"K\u0105piel le\u015bna | Wzg\u00f3rza Dylewskie\" data-column-space=\"auto\" data-lazyload=\"\" data-grve-filter=\"yes\" srcset=\"https:\/\/zielonowglowie.edu.pl\/wp-content\/uploads\/2024\/02\/DSC_1585.jpg 1400w, https:\/\/zielonowglowie.edu.pl\/wp-content\/uploads\/2024\/02\/DSC_1585-300x200.jpg 300w, https:\/\/zielonowglowie.edu.pl\/wp-content\/uploads\/2024\/02\/DSC_1585-1024x684.jpg 1024w, https:\/\/zielonowglowie.edu.pl\/wp-content\/uploads\/2024\/02\/DSC_1585-768x513.jpg 768w\" sizes=\"(max-width: 1400px) 100vw, 1400px\" \/><\/div><\/div>\t<\/div>\r\n\t<\/div>\r\n<\/div>\r\n[\/vc_column][\/vc_row][vc_row][vc_column width=&#8221;1\/6&#8243;][\/vc_column][vc_column width=&#8221;2\/3&#8243;]<div class=\"grve-empty-space grve-height-1x\"><\/div>[vc_column_text]<\/p>\n<h4><strong>Jak wygl\u0105da k\u0105piel le\u015bna?<\/strong><\/h4>\n<p>K\u0105piel le\u015bna od zwyk\u0142ego spaceru r\u00f3\u017cni si\u0119 tym, co jest w centrum naszej uwagi.<\/p>\n<p>Na spacerze cz\u0119sto z kim\u015b rozmawiamy (na \u017cywo, albo przez telefon), s\u0142uchamy muzyki lub podcastu, bawimy si\u0119 z dzie\u0107mi i \/lub psami. Nasza uwaga skupiona jest na tej dodatkowej czynno\u015bci, kt\u00f3r\u0105 wykonujemy.<\/p>\n<p>Podczas kapeli le\u015bnej w centrum naszej uwagi powinna znajdowa\u0107 si\u0119 natura, kt\u00f3ra nas otacza i kt\u00f3rej powinni\u015bmy do\u015bwiadcza\u0107 wszystkimi zmys\u0142ami, nie tylko wzrokiem, ale te\u017c w\u0119chem, s\u0142uchem i \u2026 smakiem. Powinni\u015bmy zanurzy\u0107 si\u0119 w atmosferze lasu i nie my\u015ble\u0107 o niczym innym.<\/p>\n<p>Podczas k\u0105pieli le\u015bnej mo\u017cna stosowa\u0107 techniki pracy z oddechem, z cia\u0142em, trening Schultza czy Jacobsona, ale te\u017c prac\u0119 z wyobra\u017ceniami i z przeniesieniami.<\/p>\n<p>K\u0105piel le\u015bna, w zale\u017cno\u015bci od pory roku i warunk\u00f3w pogodowych, trwa od 1,5 &#8211; 3 h.[\/vc_column_text]<div class=\"grve-empty-space grve-height-1x\"><\/div>[\/vc_column][vc_column width=&#8221;1\/6&#8243;][\/vc_column][\/vc_row][vc_row rc_bg_type=&#8221;image&#8221; rc_bg_image=&#8221;366&#8243;][vc_column width=&#8221;1\/4&#8243;][\/vc_column][vc_column width=&#8221;1\/2&#8243; rc_font_color=&#8221;#ffffff&#8221;]<div class=\"grve-empty-space grve-height-1x\"><\/div>[vc_column_text]<\/p>\n<h4><span style=\"color: #ffffff;\"><strong>Dla kogo?<br \/>\n<\/strong><\/span><\/h4>\n<p><span style=\"color: #ffffff;\">K\u0105piele le\u015bne polecane s\u0105 ka\u017cdemu kto:<\/span><\/p>\n<ul>\n<li><span style=\"color: #ffffff;\">chce si\u0119 zrelaksowa\u0107 i poprawi\u0107 swoje samopoczucie<\/span><\/li>\n<li><span style=\"color: #ffffff;\">chce nauczy\u0107 si\u0119 nowych technik radzenia sobie ze stresem<\/span><\/li>\n<li><span style=\"color: #ffffff;\">potrzebuje skupienia<\/span><\/li>\n<li><span style=\"color: #ffffff;\">chce poprawi\u0107 swoj\u0105 odporno\u015b\u0107<\/span><\/li>\n<li><span style=\"color: #ffffff;\">chce poprawi\u0107 jako\u015b\u0107 snu<\/span><\/li>\n<li><span style=\"color: #ffffff;\">chce zadba\u0107 o swoj\u0105 koncentracj\u0119 i pami\u0119\u0107<\/span><\/li>\n<li><span style=\"color: #ffffff;\">potrzebuje za\u0142agodzi\u0107 l\u0119ki i stany depresyjne<\/span><\/li>\n<\/ul>\n<p>[\/vc_column_text]<div class=\"grve-empty-space grve-height-1x\"><\/div>[\/vc_column][vc_column width=&#8221;1\/4&#8243;][\/vc_column][\/vc_row][vc_row][vc_column width=&#8221;1\/4&#8243;][\/vc_column][vc_column width=&#8221;1\/2&#8243;]<div class=\"grve-empty-space grve-height-1x\"><\/div>[vc_column_text]<\/p>\n<h4><strong>Dlaczego warto?<\/strong><\/h4>\n<p>W ci\u0105gu ostatnich czterdziestu lat przeprowadzono szeroko zakrojone badania potwierdzaj\u0105ce pozytywne korzy\u015bci zdrowotne k\u0105pieli le\u015bnych, zar\u00f3wno dla naszego samopoczucia fizycznego, jak i psychicznego. Wyniki pokazuj\u0105, \u017ce k\u0105piele le\u015bne i regularny kontakt z natur\u0105:<\/p>\n<ul>\n<li>Stymuluj\u0105 uk\u0142ad odporno\u015bciowy (zwi\u0119kszaj\u0105 ilo\u015b\u0107 kom\u00f3rek NK we krwi)<\/li>\n<li>Dodaj\u0105 energii<\/li>\n<li>Os\u0142abiaj\u0105 l\u0119ki, depresj\u0119 i z\u0142o\u015b\u0107<\/li>\n<li>Obni\u017caj\u0105 stres i wywo\u0142uj\u0105 stan odpr\u0119\u017cenie poprzez obni\u017cenie poziomu kortyzolu i adrenaliny<\/li>\n<li>Wp\u0142ywaj\u0105 hamuj\u0105co na uk\u0142ad wsp\u00f3\u0142czulny, odpowiedzialny za reakcje walki i ucieczki<\/li>\n<li>Obni\u017caj\u0105 ci\u015bnienie krwi i zwi\u0119kszaj\u0105 zmienno\u015b\u0107 rytmu zatokowego<\/li>\n<li>Wyd\u0142u\u017caj\u0105 sen i poprawiaj\u0105 jego jako\u015b\u0107<\/li>\n<\/ul>\n<p>[\/vc_column_text]<div class=\"grve-empty-space grve-height-1x\"><\/div>[\/vc_column][vc_column width=&#8221;1\/4&#8243;][\/vc_column][\/vc_row][vc_row rc_bg_type=&#8221;color&#8221; rc_bg_color=&#8221;#faf5f2&#8243;][vc_column width=&#8221;1\/2&#8243; vertical_content_position=&#8221;middle&#8221; text_align=&#8221;center&#8221;][vc_column_text]<\/p>\n<h3 style=\"text-align: left;\"><strong>Kto prowadzi<\/strong><\/h3>\n<p style=\"text-align: left;\"><strong>Monika Konarzewska<\/strong><\/p>\n<p style=\"text-align: left;\">Jestem certyfikowan\u0105 przewodniczk\u0105 k\u0105pieli le\u015bnych, zakochan\u0105 w lesie fotografk\u0105 przyrody, mikropodr\u00f3\u017cniczk\u0105, projektantk\u0105 do\u015bwiadcze\u0144 i trenerk\u0105 kreatywno\u015bci. Na styku tych wszystkich temat\u00f3w stworzy\u0142am Zielono w g\u0142owie, w ramach kt\u00f3rego organizuje warsztaty i szkolenia inspirowane natur\u0105. Opieraj\u0105c si\u0119 o wyniki najnowszych bada\u0144 naukowych, opowiadam o tym dlaczego sp\u0119dzanie czasu na \u0142onie przyrody jest niezb\u0119dnym sk\u0142adnikiem zdrowego stylu \u017cycia, niezawodn\u0105 broni\u0105 przeciwko stresowi, inwestycj\u0105 w d\u0142ug\u0105 i sprawn\u0105 staro\u015b\u0107, skutecznym treningiem kreatywno\u015bci i podstaw\u0105 naszego poczucia szcz\u0119\u015bcia. Elementy lasoterapii wykorzystuje nie tylko podczas prowadzenia k\u0105pieli le\u015bnych, ale te\u017c ucz\u0105c le\u015bnej fotografii czy rozwijania kreatywno\u015bci.<\/p>\n<p>[\/vc_column_text]<div class=\"grve-empty-space grve-height-1x\"><\/div>[vc_row_inner][vc_column_inner width=&#8221;1\/2&#8243;]<div class=\"grve-element grve-image grve-align-center\">\r\n\t<div class=\"grve-image-item\">\r\n\t\t\r\n\r\n<div class=\"grve-image-wrapper grve-no-effect\">\r\n\t\t<div class=\"grve-thumbnail-wrapper\"  style=\"width: 640px;\"><div class=\"grve-thumbnail\"  style=\"padding-top: 60.156%;\"><img decoding=\"async\" width=\"640\" height=\"385\" src=\"https:\/\/zielonowglowie.edu.pl\/wp-content\/uploads\/2024\/02\/LOGO_FTH_Certified_Forest_Bathing_Guide_polaco-230110-085224-1.png\" class=\"attachment-full size-full\" alt=\"\" data-column-space=\"auto\" data-lazyload=\"\" data-grve-filter=\"yes\" srcset=\"https:\/\/zielonowglowie.edu.pl\/wp-content\/uploads\/2024\/02\/LOGO_FTH_Certified_Forest_Bathing_Guide_polaco-230110-085224-1.png 640w, https:\/\/zielonowglowie.edu.pl\/wp-content\/uploads\/2024\/02\/LOGO_FTH_Certified_Forest_Bathing_Guide_polaco-230110-085224-1-300x180.png 300w\" sizes=\"(max-width: 640px) 100vw, 640px\" \/><\/div><\/div>\t<\/div>\r\n\t<\/div>\r\n<\/div>\r\n[\/vc_column_inner][vc_column_inner width=&#8221;1\/2&#8243; grve_css=&#8221;{&#8222;desktop&#8222;:{&#8222;padding-right&#8222;:&#8222;15px&#8222;,&#8222;padding-left&#8222;:&#8222;20 px&#8222;,&#8222;class&#8222;:&#8222;grve-wpb-1721160411336&#8222;}}&#8221;]<div class=\"grve-element grve-image grve-align-center\">\r\n\t<div class=\"grve-image-item\">\r\n\t\t\r\n\r\n<div class=\"grve-image-wrapper grve-no-effect\">\r\n\t\t<div class=\"grve-thumbnail-wrapper\"  style=\"width: 500px;\"><div class=\"grve-thumbnail\"  style=\"padding-top: 66.2%;\"><img decoding=\"async\" width=\"500\" height=\"331\" src=\"https:\/\/zielonowglowie.edu.pl\/wp-content\/uploads\/2024\/02\/4-e1721159919686.png\" class=\"attachment-full size-full\" alt=\"\" data-column-space=\"auto\" data-lazyload=\"\" data-grve-filter=\"yes\" srcset=\"https:\/\/zielonowglowie.edu.pl\/wp-content\/uploads\/2024\/02\/4-e1721159919686.png 500w, https:\/\/zielonowglowie.edu.pl\/wp-content\/uploads\/2024\/02\/4-e1721159919686-300x199.png 300w\" sizes=\"(max-width: 500px) 100vw, 500px\" \/><\/div><\/div>\t<\/div>\r\n\t<\/div>\r\n<\/div>\r\n[\/vc_column_inner][\/vc_row_inner]<div class=\"grve-empty-space grve-height-1x\"><\/div><div class=\"grve-element grve-align-center\"><a href=\"https:\/\/zielonowglowie.edu.pl\/index.php\/kontakt\/\" title=\"Pogadajmy!\" class=\"grve-btn grve-square grve-bg-primary-1 grve-border-primary-1 grve-bg-hover-black grve-border-hover-black grve-text-white grve-text-hover-white grve-btn-small\">\r\n\t\t<span>Skontaktuj si\u0119<\/span>\r\n\t\t<span class=\"screen-reader-text\">Przejd\u017a do kontaktu<\/span>\r\n\t\t\t\t\t\t\t<\/a><\/div>[\/vc_column][vc_column width=&#8221;1\/2&#8243; vertical_content_position=&#8221;middle&#8221; text_align=&#8221;center&#8221;]<div class=\"grve-element grve-image grve-align-center\">\r\n\t<div class=\"grve-image-item\">\r\n\t\t\r\n\r\n<div class=\"grve-image-wrapper grve-no-effect\">\r\n\t\t<div class=\"grve-thumbnail-wrapper\"  style=\"width: 560px;\"><div class=\"grve-thumbnail\"  style=\"padding-top: 133.393%;\"><img loading=\"lazy\" decoding=\"async\" width=\"560\" height=\"747\" src=\"https:\/\/zielonowglowie.edu.pl\/wp-content\/uploads\/2023\/08\/DSC_64771-560x747.jpg\" class=\"attachment-impeka-grve-small-rect-vertical size-impeka-grve-small-rect-vertical\" alt=\"\" data-column-space=\"auto\" data-lazyload=\"\" data-grve-filter=\"yes\" \/><\/div><\/div>\t<\/div>\r\n\t<\/div>\r\n<\/div>\r\n[\/vc_column][\/vc_row][vc_row][vc_column]<div class=\"grve-empty-space grve-height-1x\"><\/div>[\/vc_column][\/vc_row][vc_row][vc_column width=&#8221;1\/2&#8243;]<div class=\"grve-element grve-image grve-align-center\">\r\n\t<div class=\"grve-image-item\">\r\n\t\t\r\n\r\n<div class=\"grve-image-wrapper grve-no-effect\">\r\n\t\t<div class=\"grve-thumbnail-wrapper\"  style=\"width: 1400px;\"><div class=\"grve-thumbnail\"  style=\"padding-top: 66.786%;\"><img loading=\"lazy\" decoding=\"async\" width=\"1400\" height=\"935\" src=\"https:\/\/zielonowglowie.edu.pl\/wp-content\/uploads\/2024\/02\/DSC_7506-2.jpg\" class=\"attachment-full size-full\" alt=\"\" data-column-space=\"auto\" data-lazyload=\"\" data-grve-filter=\"yes\" srcset=\"https:\/\/zielonowglowie.edu.pl\/wp-content\/uploads\/2024\/02\/DSC_7506-2.jpg 1400w, https:\/\/zielonowglowie.edu.pl\/wp-content\/uploads\/2024\/02\/DSC_7506-2-300x200.jpg 300w, https:\/\/zielonowglowie.edu.pl\/wp-content\/uploads\/2024\/02\/DSC_7506-2-1024x684.jpg 1024w, https:\/\/zielonowglowie.edu.pl\/wp-content\/uploads\/2024\/02\/DSC_7506-2-768x513.jpg 768w\" sizes=\"(max-width: 1400px) 100vw, 1400px\" \/><\/div><\/div>\t<\/div>\r\n\t<\/div>\r\n<\/div>\r\n[\/vc_column][vc_column width=&#8221;1\/2&#8243;][vc_column_text]<\/p>\n<h2><strong>Wzg\u00f3rza Dylewskie<\/strong><\/h2>\n<p>Wzg\u00f3rza Dylewskie przyci\u0105gaj\u0105 mi\u0142o\u015bnik\u00f3w natury i turystyki pieszej.<\/p>\n<p>Mi\u0142o\u015bnicy aktywnego wypoczynku znajd\u0105 tu liczne szlaki turystyczne i rowerowe, kt\u00f3re prowadz\u0105 przez najpi\u0119kniejsze zak\u0105tki regionu. Wzg\u00f3rza Dylewskie oferuj\u0105 r\u00f3wnie\u017c wyj\u0105tkowe warunki dla narciarzy biegowych, dzi\u0119ki licznym trasom wiod\u0105cym przez malownicze lasy. Znajduje si\u0119 tu r\u00f3wnie\u017c najwy\u017cszy punkt wojew\u00f3dztwa warmi\u0144sko-mazurskiego &#8211; Dylewska G\u00f3ra, z kt\u00f3rej rozci\u0105ga si\u0119 przepi\u0119kny widok na okoliczne tereny.[\/vc_column_text][\/vc_column][\/vc_row]<\/p>\n<\/section>","protected":false},"excerpt":{"rendered":"<p>[vc_row][vc_column width=&#8221;1\/6&#8243;][\/vc_column][vc_column width=&#8221;2\/3&#8243;][vc_column_text]Wzg\u00f3rza Dylewskie to malowniczy region po\u0142o\u017cony w p\u00f3\u0142nocno-wschodniej Polsce, znany ze swojego unikalnego krajobrazu i bogactwa przyrodniczego. Obszar ten charakteryzuj\u0105 \u0142agodne wzniesienia i g\u0119ste lasy. Region ten jest [&hellip;]<\/p>\n","protected":false},"author":1,"featured_media":0,"parent":0,"menu_order":0,"comment_status":"closed","ping_status":"closed","template":"","meta":{"_price":"","_stock":"","_tribe_ticket_header":"","_tribe_default_ticket_provider":"TEC\\Tickets\\Commerce\\Module","_tribe_ticket_capacity":"0","_ticket_start_date":"","_ticket_end_date":"","_tribe_ticket_show_description":"","_tribe_ticket_show_not_going":false,"_tribe_ticket_use_global_stock":"","_tribe_ticket_global_stock_level":"","_global_stock_mode":"","_global_stock_cap":"","_tribe_rsvp_for_event":"","_tribe_ticket_going_count":"","_tribe_ticket_not_going_count":"","_tribe_tickets_list":"[]","_tribe_ticket_has_attendee_info_fields":false,"footnotes":"","_tec_slr_enabled":"","_tec_slr_layout":""},"class_list":["post-2087","page","type-page","status-publish","hentry","grve-entry-item"],"yoast_head":"<!-- This site is optimized with the Yoast SEO plugin v27.5 - https:\/\/yoast.com\/product\/yoast-seo-wordpress\/ -->\n<title>K\u0105piele le\u015bne na Wzg\u00f3rzach Dylewskich - Zielono w g\u0142owie<\/title>\n<meta name=\"robots\" content=\"index, follow, max-snippet:-1, max-image-preview:large, max-video-preview:-1\" \/>\n<link rel=\"canonical\" href=\"https:\/\/zielonowglowie.edu.pl\/index.php\/kapiele-lesne-na-wzgorzach-dylewskich\/\" \/>\n<meta property=\"og:locale\" content=\"pl_PL\" \/>\n<meta property=\"og:type\" content=\"article\" \/>\n<meta property=\"og:title\" content=\"K\u0105piele le\u015bne na Wzg\u00f3rzach Dylewskich - Zielono w g\u0142owie\" \/>\n<meta property=\"og:description\" content=\"[vc_row][vc_column width=&#8221;1\/6&#8243;][\/vc_column][vc_column width=&#8221;2\/3&#8243;][vc_column_text]Wzg\u00f3rza Dylewskie to malowniczy region po\u0142o\u017cony w p\u00f3\u0142nocno-wschodniej Polsce, znany ze swojego unikalnego krajobrazu i bogactwa przyrodniczego. Obszar ten charakteryzuj\u0105 \u0142agodne wzniesienia i g\u0119ste lasy. Region ten jest [&hellip;]\" \/>\n<meta property=\"og:url\" content=\"https:\/\/zielonowglowie.edu.pl\/index.php\/kapiele-lesne-na-wzgorzach-dylewskich\/\" \/>\n<meta property=\"og:site_name\" content=\"Zielono w g\u0142owie\" \/>\n<meta property=\"og:image\" content=\"https:\/\/zielonowglowie.edu.pl\/wp-content\/uploads\/2020\/04\/Zielono_w_glowie_kv.jpg\" \/>\n\t<meta property=\"og:image:width\" content=\"1920\" \/>\n\t<meta property=\"og:image:height\" content=\"1080\" \/>\n\t<meta property=\"og:image:type\" content=\"image\/jpeg\" \/>\n<meta name=\"twitter:card\" content=\"summary_large_image\" \/>\n<meta name=\"twitter:label1\" content=\"Szacowany czas czytania\" \/>\n\t<meta name=\"twitter:data1\" content=\"4 minuty\" \/>\n<script type=\"application\/ld+json\" class=\"yoast-schema-graph\">{\"@context\":\"https:\\\/\\\/schema.org\",\"@graph\":[{\"@type\":\"WebPage\",\"@id\":\"https:\\\/\\\/zielonowglowie.edu.pl\\\/index.php\\\/kapiele-lesne-na-wzgorzach-dylewskich\\\/\",\"url\":\"https:\\\/\\\/zielonowglowie.edu.pl\\\/index.php\\\/kapiele-lesne-na-wzgorzach-dylewskich\\\/\",\"name\":\"K\u0105piele le\u015bne na Wzg\u00f3rzach Dylewskich - Zielono w g\u0142owie\",\"isPartOf\":{\"@id\":\"https:\\\/\\\/zielonowglowie.edu.pl\\\/#website\"},\"datePublished\":\"2025-04-18T10:28:46+00:00\",\"breadcrumb\":{\"@id\":\"https:\\\/\\\/zielonowglowie.edu.pl\\\/index.php\\\/kapiele-lesne-na-wzgorzach-dylewskich\\\/#breadcrumb\"},\"inLanguage\":\"pl-PL\",\"potentialAction\":[{\"@type\":\"ReadAction\",\"target\":[\"https:\\\/\\\/zielonowglowie.edu.pl\\\/index.php\\\/kapiele-lesne-na-wzgorzach-dylewskich\\\/\"]}]},{\"@type\":\"BreadcrumbList\",\"@id\":\"https:\\\/\\\/zielonowglowie.edu.pl\\\/index.php\\\/kapiele-lesne-na-wzgorzach-dylewskich\\\/#breadcrumb\",\"itemListElement\":[{\"@type\":\"ListItem\",\"position\":1,\"name\":\"Strona g\u0142\u00f3wna\",\"item\":\"https:\\\/\\\/zielonowglowie.edu.pl\\\/\"},{\"@type\":\"ListItem\",\"position\":2,\"name\":\"K\u0105piele le\u015bne na Wzg\u00f3rzach Dylewskich\"}]},{\"@type\":\"WebSite\",\"@id\":\"https:\\\/\\\/zielonowglowie.edu.pl\\\/#website\",\"url\":\"https:\\\/\\\/zielonowglowie.edu.pl\\\/\",\"name\":\"Zielono w g\u0142owie\",\"description\":\"Szkolenia i warsztaty inspirowane natur\u0105\",\"publisher\":{\"@id\":\"https:\\\/\\\/zielonowglowie.edu.pl\\\/#organization\"},\"potentialAction\":[{\"@type\":\"SearchAction\",\"target\":{\"@type\":\"EntryPoint\",\"urlTemplate\":\"https:\\\/\\\/zielonowglowie.edu.pl\\\/?s={search_term_string}\"},\"query-input\":{\"@type\":\"PropertyValueSpecification\",\"valueRequired\":true,\"valueName\":\"search_term_string\"}}],\"inLanguage\":\"pl-PL\"},{\"@type\":\"Organization\",\"@id\":\"https:\\\/\\\/zielonowglowie.edu.pl\\\/#organization\",\"name\":\"Zielono w g\u0142owie\",\"url\":\"https:\\\/\\\/zielonowglowie.edu.pl\\\/\",\"logo\":{\"@type\":\"ImageObject\",\"inLanguage\":\"pl-PL\",\"@id\":\"https:\\\/\\\/zielonowglowie.edu.pl\\\/#\\\/schema\\\/logo\\\/image\\\/\",\"url\":\"https:\\\/\\\/zielonowglowie.edu.pl\\\/wp-content\\\/uploads\\\/2020\\\/04\\\/Zielono_w_glowie_logo.png\",\"contentUrl\":\"https:\\\/\\\/zielonowglowie.edu.pl\\\/wp-content\\\/uploads\\\/2020\\\/04\\\/Zielono_w_glowie_logo.png\",\"width\":949,\"height\":172,\"caption\":\"Zielono w g\u0142owie\"},\"image\":{\"@id\":\"https:\\\/\\\/zielonowglowie.edu.pl\\\/#\\\/schema\\\/logo\\\/image\\\/\"},\"sameAs\":[\"https:\\\/\\\/www.linkedin.com\\\/company\\\/zielono-w-gowie\\\/\",\"https:\\\/\\\/www.instagram.com\\\/zielonowglowie__\\\/\"]}]}<\/script>\n<!-- \/ Yoast SEO plugin. -->","yoast_head_json":{"title":"K\u0105piele le\u015bne na Wzg\u00f3rzach Dylewskich - Zielono w g\u0142owie","robots":{"index":"index","follow":"follow","max-snippet":"max-snippet:-1","max-image-preview":"max-image-preview:large","max-video-preview":"max-video-preview:-1"},"canonical":"https:\/\/zielonowglowie.edu.pl\/index.php\/kapiele-lesne-na-wzgorzach-dylewskich\/","og_locale":"pl_PL","og_type":"article","og_title":"K\u0105piele le\u015bne na Wzg\u00f3rzach Dylewskich - Zielono w g\u0142owie","og_description":"[vc_row][vc_column width=&#8221;1\/6&#8243;][\/vc_column][vc_column width=&#8221;2\/3&#8243;][vc_column_text]Wzg\u00f3rza Dylewskie to malowniczy region po\u0142o\u017cony w p\u00f3\u0142nocno-wschodniej Polsce, znany ze swojego unikalnego krajobrazu i bogactwa przyrodniczego. Obszar ten charakteryzuj\u0105 \u0142agodne wzniesienia i g\u0119ste lasy. Region ten jest [&hellip;]","og_url":"https:\/\/zielonowglowie.edu.pl\/index.php\/kapiele-lesne-na-wzgorzach-dylewskich\/","og_site_name":"Zielono w g\u0142owie","og_image":[{"width":1920,"height":1080,"url":"https:\/\/zielonowglowie.edu.pl\/wp-content\/uploads\/2020\/04\/Zielono_w_glowie_kv.jpg","type":"image\/jpeg"}],"twitter_card":"summary_large_image","twitter_misc":{"Szacowany czas czytania":"4 minuty"},"schema":{"@context":"https:\/\/schema.org","@graph":[{"@type":"WebPage","@id":"https:\/\/zielonowglowie.edu.pl\/index.php\/kapiele-lesne-na-wzgorzach-dylewskich\/","url":"https:\/\/zielonowglowie.edu.pl\/index.php\/kapiele-lesne-na-wzgorzach-dylewskich\/","name":"K\u0105piele le\u015bne na Wzg\u00f3rzach Dylewskich - Zielono w g\u0142owie","isPartOf":{"@id":"https:\/\/zielonowglowie.edu.pl\/#website"},"datePublished":"2025-04-18T10:28:46+00:00","breadcrumb":{"@id":"https:\/\/zielonowglowie.edu.pl\/index.php\/kapiele-lesne-na-wzgorzach-dylewskich\/#breadcrumb"},"inLanguage":"pl-PL","potentialAction":[{"@type":"ReadAction","target":["https:\/\/zielonowglowie.edu.pl\/index.php\/kapiele-lesne-na-wzgorzach-dylewskich\/"]}]},{"@type":"BreadcrumbList","@id":"https:\/\/zielonowglowie.edu.pl\/index.php\/kapiele-lesne-na-wzgorzach-dylewskich\/#breadcrumb","itemListElement":[{"@type":"ListItem","position":1,"name":"Strona g\u0142\u00f3wna","item":"https:\/\/zielonowglowie.edu.pl\/"},{"@type":"ListItem","position":2,"name":"K\u0105piele le\u015bne na Wzg\u00f3rzach Dylewskich"}]},{"@type":"WebSite","@id":"https:\/\/zielonowglowie.edu.pl\/#website","url":"https:\/\/zielonowglowie.edu.pl\/","name":"Zielono w g\u0142owie","description":"Szkolenia i warsztaty inspirowane natur\u0105","publisher":{"@id":"https:\/\/zielonowglowie.edu.pl\/#organization"},"potentialAction":[{"@type":"SearchAction","target":{"@type":"EntryPoint","urlTemplate":"https:\/\/zielonowglowie.edu.pl\/?s={search_term_string}"},"query-input":{"@type":"PropertyValueSpecification","valueRequired":true,"valueName":"search_term_string"}}],"inLanguage":"pl-PL"},{"@type":"Organization","@id":"https:\/\/zielonowglowie.edu.pl\/#organization","name":"Zielono w g\u0142owie","url":"https:\/\/zielonowglowie.edu.pl\/","logo":{"@type":"ImageObject","inLanguage":"pl-PL","@id":"https:\/\/zielonowglowie.edu.pl\/#\/schema\/logo\/image\/","url":"https:\/\/zielonowglowie.edu.pl\/wp-content\/uploads\/2020\/04\/Zielono_w_glowie_logo.png","contentUrl":"https:\/\/zielonowglowie.edu.pl\/wp-content\/uploads\/2020\/04\/Zielono_w_glowie_logo.png","width":949,"height":172,"caption":"Zielono w g\u0142owie"},"image":{"@id":"https:\/\/zielonowglowie.edu.pl\/#\/schema\/logo\/image\/"},"sameAs":["https:\/\/www.linkedin.com\/company\/zielono-w-gowie\/","https:\/\/www.instagram.com\/zielonowglowie__\/"]}]}},"ticketed":false,"_links":{"self":[{"href":"https:\/\/zielonowglowie.edu.pl\/index.php\/wp-json\/wp\/v2\/pages\/2087","targetHints":{"allow":["GET"]}}],"collection":[{"href":"https:\/\/zielonowglowie.edu.pl\/index.php\/wp-json\/wp\/v2\/pages"}],"about":[{"href":"https:\/\/zielonowglowie.edu.pl\/index.php\/wp-json\/wp\/v2\/types\/page"}],"author":[{"embeddable":true,"href":"https:\/\/zielonowglowie.edu.pl\/index.php\/wp-json\/wp\/v2\/users\/1"}],"replies":[{"embeddable":true,"href":"https:\/\/zielonowglowie.edu.pl\/index.php\/wp-json\/wp\/v2\/comments?post=2087"}],"version-history":[{"count":2,"href":"https:\/\/zielonowglowie.edu.pl\/index.php\/wp-json\/wp\/v2\/pages\/2087\/revisions"}],"predecessor-version":[{"id":2089,"href":"https:\/\/zielonowglowie.edu.pl\/index.php\/wp-json\/wp\/v2\/pages\/2087\/revisions\/2089"}],"wp:attachment":[{"href":"https:\/\/zielonowglowie.edu.pl\/index.php\/wp-json\/wp\/v2\/media?parent=2087"}],"curies":[{"name":"wp","href":"https:\/\/api.w.org\/{rel}","templated":true}]}}