{"id":699,"date":"2023-08-20T11:39:02","date_gmt":"2023-08-20T11:39:02","guid":{"rendered":"https:\/\/zielonowglowie.edu.pl\/?page_id=699"},"modified":"2023-08-24T14:04:19","modified_gmt":"2023-08-24T14:04:19","slug":"podstawy-lesnej-fotografii-dla-firm","status":"publish","type":"page","link":"https:\/\/zielonowglowie.edu.pl\/index.php\/podstawy-lesnej-fotografii-dla-firm\/","title":{"rendered":"Podstawy le\u015bnej fotografii dla firm"},"content":{"rendered":"<section class=\"wpb-content-wrapper\"><p>[vc_row][vc_column][vc_column_text]<\/p>\n<h1><span style=\"color: #006884;\"><strong>Warsztaty fotografii le\u015bnej i przyrodniczej<\/strong><\/span><\/h1>\n<p>[\/vc_column_text]<div class=\"grve-empty-space grve-height-1x\"><\/div>[vc_column_text][Program][\/vc_column_text][\/vc_column][\/vc_row][vc_row][vc_column width=&#8221;1\/2&#8243; content_width=&#8221;50&#8243;][vc_column_text]Chcesz zorganizowa\u0107 takie warsztaty dla swoich pracownik\u00f3w w ramach imprezy integracyjnej?<strong> Zapytaj o indywidualn\u0105 ofert\u0119!<\/strong>[\/vc_column_text][\/vc_column][vc_column width=&#8221;1\/2&#8243;]\n<div class=\"wpcf7 no-js\" id=\"wpcf7-f13-o1\" lang=\"pl-PL\" dir=\"ltr\" data-wpcf7-id=\"13\">\n<div class=\"screen-reader-response\"><p role=\"status\" aria-live=\"polite\" aria-atomic=\"true\"><\/p> <ul><\/ul><\/div>\n<form action=\"\/index.php\/wp-json\/wp\/v2\/pages\/699#wpcf7-f13-o1\" method=\"post\" class=\"wpcf7-form init\" aria-label=\"Formularz kontaktowy\" novalidate=\"novalidate\" data-status=\"init\">\n<fieldset class=\"hidden-fields-container\"><input type=\"hidden\" name=\"_wpcf7\" value=\"13\" \/><input type=\"hidden\" name=\"_wpcf7_version\" value=\"6.1.5\" \/><input type=\"hidden\" name=\"_wpcf7_locale\" value=\"pl_PL\" \/><input type=\"hidden\" name=\"_wpcf7_unit_tag\" value=\"wpcf7-f13-o1\" \/><input type=\"hidden\" name=\"_wpcf7_container_post\" value=\"0\" \/><input type=\"hidden\" name=\"_wpcf7_posted_data_hash\" value=\"\" \/>\n<\/fieldset>\n<label> Imi\u0119 i nazwisko*\n    <span class=\"wpcf7-form-control-wrap\" data-name=\"your-name\"><input size=\"40\" maxlength=\"400\" class=\"wpcf7-form-control wpcf7-text wpcf7-validates-as-required\" aria-required=\"true\" aria-invalid=\"false\" value=\"\" type=\"text\" name=\"your-name\" \/><\/span>  <\/label>\n\n<label> e-mail*\n    <span class=\"wpcf7-form-control-wrap\" data-name=\"email-389\"><input size=\"40\" maxlength=\"400\" class=\"wpcf7-form-control wpcf7-email wpcf7-validates-as-required wpcf7-text wpcf7-validates-as-email\" aria-required=\"true\" aria-invalid=\"false\" value=\"\" type=\"email\" name=\"email-389\" \/><\/span>  <\/label>\n\n<div class=\"content-column one_half\"><div style=\"padding:\"0;\"><label> Ilo\u015b\u0107 uczestnik\u00f3w\n    <span class=\"wpcf7-form-control-wrap\" data-name=\"uczestnicy\"><input size=\"40\" maxlength=\"400\" class=\"wpcf7-form-control wpcf7-text\" aria-invalid=\"false\" value=\"\" type=\"text\" name=\"uczestnicy\" \/><\/span> <\/label><\/div><\/div>\n \n<div class=\"content-column one_half last_column\"><label>Miejsce, w kt\u00f3rym ma si\u0119 odby\u0107 szkolenie\n    <span class=\"wpcf7-form-control-wrap\" data-name=\"miejsce\"><input size=\"40\" maxlength=\"400\" class=\"wpcf7-form-control wpcf7-text\" aria-invalid=\"false\" value=\"\" type=\"text\" name=\"miejsce\" \/><\/span> <\/label><\/div><div class=\"clear_column\"><\/div>\n \n<label> Wiadomo\u015b\u0107\n    <span class=\"wpcf7-form-control-wrap\" data-name=\"your-message\"><textarea cols=\"10\" rows=\"2\" maxlength=\"2000\" class=\"wpcf7-form-control wpcf7-textarea\" aria-invalid=\"false\" name=\"your-message\"><\/textarea><\/span> <\/label>\n\n  <div style=\"margin:20px;\">*pola wymagane<\/div>\n \n<input class=\"wpcf7-form-control wpcf7-submit has-spinner\" type=\"submit\" value=\"Wy\u015blij\" \/><p style=\"display: none !important;\" class=\"akismet-fields-container\" data-prefix=\"_wpcf7_ak_\"><label>&#916;<textarea name=\"_wpcf7_ak_hp_textarea\" cols=\"45\" rows=\"8\" maxlength=\"100\"><\/textarea><\/label><input type=\"hidden\" id=\"ak_js_1\" name=\"_wpcf7_ak_js\" value=\"116\"\/><script>document.getElementById( \"ak_js_1\" ).setAttribute( \"value\", ( new Date() ).getTime() );<\/script><\/p><div class=\"wpcf7-response-output\" aria-hidden=\"true\"><\/div>\n<\/form>\n<\/div>\n[\/vc_column][\/vc_row]<\/p>\n<\/section>","protected":false},"excerpt":{"rendered":"<p>[vc_row][vc_column][vc_column_text] Warsztaty fotografii le\u015bnej i przyrodniczej [\/vc_column_text][vc_column_text][Program][\/vc_column_text][\/vc_column][\/vc_row][vc_row][vc_column width=&#8221;1\/2&#8243; content_width=&#8221;50&#8243;][vc_column_text]Chcesz zorganizowa\u0107 takie warsztaty dla swoich pracownik\u00f3w w ramach imprezy integracyjnej? Zapytaj o indywidualn\u0105 ofert\u0119![\/vc_column_text][\/vc_column][vc_column width=&#8221;1\/2&#8243;][\/vc_column][\/vc_row]<\/p>\n","protected":false},"author":1,"featured_media":0,"parent":0,"menu_order":0,"comment_status":"closed","ping_status":"closed","template":"elementor_header_footer","meta":{"_price":"","_stock":"","_tribe_ticket_header":"","_tribe_default_ticket_provider":"TEC\\Tickets\\Commerce\\Module","_tribe_ticket_capacity":"0","_ticket_start_date":"","_ticket_end_date":"","_tribe_ticket_show_description":"","_tribe_ticket_show_not_going":false,"_tribe_ticket_use_global_stock":"","_tribe_ticket_global_stock_level":"","_global_stock_mode":"","_global_stock_cap":"","_tribe_rsvp_for_event":"","_tribe_ticket_going_count":"","_tribe_ticket_not_going_count":"","_tribe_tickets_list":"[]","_tribe_ticket_has_attendee_info_fields":false,"footnotes":"","_tec_slr_enabled":"","_tec_slr_layout":""},"class_list":["post-699","page","type-page","status-publish","hentry","grve-entry-item"],"yoast_head":"<!-- This site is optimized with the Yoast SEO plugin v27.2 - https:\/\/yoast.com\/product\/yoast-seo-wordpress\/ -->\n<title>Podstawy le\u015bnej fotografii dla firm - Zielono w g\u0142owie<\/title>\n<meta name=\"robots\" content=\"index, follow, max-snippet:-1, max-image-preview:large, max-video-preview:-1\" \/>\n<link rel=\"canonical\" href=\"https:\/\/zielonowglowie.edu.pl\/index.php\/podstawy-lesnej-fotografii-dla-firm\/\" \/>\n<meta property=\"og:locale\" content=\"pl_PL\" \/>\n<meta property=\"og:type\" content=\"article\" \/>\n<meta property=\"og:title\" content=\"Podstawy le\u015bnej fotografii dla firm - Zielono w g\u0142owie\" \/>\n<meta property=\"og:description\" content=\"[vc_row][vc_column][vc_column_text] Warsztaty fotografii le\u015bnej i przyrodniczej [\/vc_column_text][vc_column_text][Program][\/vc_column_text][\/vc_column][\/vc_row][vc_row][vc_column width=&#8221;1\/2&#8243; content_width=&#8221;50&#8243;][vc_column_text]Chcesz zorganizowa\u0107 takie warsztaty dla swoich pracownik\u00f3w w ramach imprezy integracyjnej? Zapytaj o indywidualn\u0105 ofert\u0119![\/vc_column_text][\/vc_column][vc_column width=&#8221;1\/2&#8243;][\/vc_column][\/vc_row]\" \/>\n<meta property=\"og:url\" content=\"https:\/\/zielonowglowie.edu.pl\/index.php\/podstawy-lesnej-fotografii-dla-firm\/\" \/>\n<meta property=\"og:site_name\" content=\"Zielono w g\u0142owie\" \/>\n<meta property=\"article:modified_time\" content=\"2023-08-24T14:04:19+00:00\" \/>\n<meta property=\"og:image\" content=\"https:\/\/zielonowglowie.edu.pl\/wp-content\/uploads\/2020\/04\/Zielono_w_glowie_kv.jpg\" \/>\n\t<meta property=\"og:image:width\" content=\"1920\" \/>\n\t<meta property=\"og:image:height\" content=\"1080\" \/>\n\t<meta property=\"og:image:type\" content=\"image\/jpeg\" \/>\n<meta name=\"twitter:card\" content=\"summary_large_image\" \/>\n<meta name=\"twitter:label1\" content=\"Szacowany czas czytania\" \/>\n\t<meta name=\"twitter:data1\" content=\"1 minuta\" \/>\n<script type=\"application\/ld+json\" class=\"yoast-schema-graph\">{\"@context\":\"https:\/\/schema.org\",\"@graph\":[{\"@type\":\"WebPage\",\"@id\":\"https:\/\/zielonowglowie.edu.pl\/index.php\/podstawy-lesnej-fotografii-dla-firm\/\",\"url\":\"https:\/\/zielonowglowie.edu.pl\/index.php\/podstawy-lesnej-fotografii-dla-firm\/\",\"name\":\"Podstawy le\u015bnej fotografii dla firm - Zielono w g\u0142owie\",\"isPartOf\":{\"@id\":\"https:\/\/zielonowglowie.edu.pl\/#website\"},\"datePublished\":\"2023-08-20T11:39:02+00:00\",\"dateModified\":\"2023-08-24T14:04:19+00:00\",\"breadcrumb\":{\"@id\":\"https:\/\/zielonowglowie.edu.pl\/index.php\/podstawy-lesnej-fotografii-dla-firm\/#breadcrumb\"},\"inLanguage\":\"pl-PL\",\"potentialAction\":[{\"@type\":\"ReadAction\",\"target\":[\"https:\/\/zielonowglowie.edu.pl\/index.php\/podstawy-lesnej-fotografii-dla-firm\/\"]}]},{\"@type\":\"BreadcrumbList\",\"@id\":\"https:\/\/zielonowglowie.edu.pl\/index.php\/podstawy-lesnej-fotografii-dla-firm\/#breadcrumb\",\"itemListElement\":[{\"@type\":\"ListItem\",\"position\":1,\"name\":\"Strona g\u0142\u00f3wna\",\"item\":\"https:\/\/zielonowglowie.edu.pl\/\"},{\"@type\":\"ListItem\",\"position\":2,\"name\":\"Podstawy le\u015bnej fotografii dla firm\"}]},{\"@type\":\"WebSite\",\"@id\":\"https:\/\/zielonowglowie.edu.pl\/#website\",\"url\":\"https:\/\/zielonowglowie.edu.pl\/\",\"name\":\"Zielono w g\u0142owie\",\"description\":\"Szkolenia i warsztaty inspirowane natur\u0105\",\"publisher\":{\"@id\":\"https:\/\/zielonowglowie.edu.pl\/#organization\"},\"potentialAction\":[{\"@type\":\"SearchAction\",\"target\":{\"@type\":\"EntryPoint\",\"urlTemplate\":\"https:\/\/zielonowglowie.edu.pl\/?s={search_term_string}\"},\"query-input\":{\"@type\":\"PropertyValueSpecification\",\"valueRequired\":true,\"valueName\":\"search_term_string\"}}],\"inLanguage\":\"pl-PL\"},{\"@type\":\"Organization\",\"@id\":\"https:\/\/zielonowglowie.edu.pl\/#organization\",\"name\":\"Zielono w g\u0142owie\",\"url\":\"https:\/\/zielonowglowie.edu.pl\/\",\"logo\":{\"@type\":\"ImageObject\",\"inLanguage\":\"pl-PL\",\"@id\":\"https:\/\/zielonowglowie.edu.pl\/#\/schema\/logo\/image\/\",\"url\":\"https:\/\/zielonowglowie.edu.pl\/wp-content\/uploads\/2020\/04\/Zielono_w_glowie_logo.png\",\"contentUrl\":\"https:\/\/zielonowglowie.edu.pl\/wp-content\/uploads\/2020\/04\/Zielono_w_glowie_logo.png\",\"width\":949,\"height\":172,\"caption\":\"Zielono w g\u0142owie\"},\"image\":{\"@id\":\"https:\/\/zielonowglowie.edu.pl\/#\/schema\/logo\/image\/\"},\"sameAs\":[\"https:\/\/www.linkedin.com\/company\/zielono-w-gowie\/\",\"https:\/\/www.instagram.com\/zielonowglowie__\/\"]}]}<\/script>\n<!-- \/ Yoast SEO plugin. -->","yoast_head_json":{"title":"Podstawy le\u015bnej fotografii dla firm - Zielono w g\u0142owie","robots":{"index":"index","follow":"follow","max-snippet":"max-snippet:-1","max-image-preview":"max-image-preview:large","max-video-preview":"max-video-preview:-1"},"canonical":"https:\/\/zielonowglowie.edu.pl\/index.php\/podstawy-lesnej-fotografii-dla-firm\/","og_locale":"pl_PL","og_type":"article","og_title":"Podstawy le\u015bnej fotografii dla firm - Zielono w g\u0142owie","og_description":"[vc_row][vc_column][vc_column_text] Warsztaty fotografii le\u015bnej i przyrodniczej [\/vc_column_text][vc_column_text][Program][\/vc_column_text][\/vc_column][\/vc_row][vc_row][vc_column width=&#8221;1\/2&#8243; content_width=&#8221;50&#8243;][vc_column_text]Chcesz zorganizowa\u0107 takie warsztaty dla swoich pracownik\u00f3w w ramach imprezy integracyjnej? Zapytaj o indywidualn\u0105 ofert\u0119![\/vc_column_text][\/vc_column][vc_column width=&#8221;1\/2&#8243;][\/vc_column][\/vc_row]","og_url":"https:\/\/zielonowglowie.edu.pl\/index.php\/podstawy-lesnej-fotografii-dla-firm\/","og_site_name":"Zielono w g\u0142owie","article_modified_time":"2023-08-24T14:04:19+00:00","og_image":[{"width":1920,"height":1080,"url":"https:\/\/zielonowglowie.edu.pl\/wp-content\/uploads\/2020\/04\/Zielono_w_glowie_kv.jpg","type":"image\/jpeg"}],"twitter_card":"summary_large_image","twitter_misc":{"Szacowany czas czytania":"1 minuta"},"schema":{"@context":"https:\/\/schema.org","@graph":[{"@type":"WebPage","@id":"https:\/\/zielonowglowie.edu.pl\/index.php\/podstawy-lesnej-fotografii-dla-firm\/","url":"https:\/\/zielonowglowie.edu.pl\/index.php\/podstawy-lesnej-fotografii-dla-firm\/","name":"Podstawy le\u015bnej fotografii dla firm - Zielono w g\u0142owie","isPartOf":{"@id":"https:\/\/zielonowglowie.edu.pl\/#website"},"datePublished":"2023-08-20T11:39:02+00:00","dateModified":"2023-08-24T14:04:19+00:00","breadcrumb":{"@id":"https:\/\/zielonowglowie.edu.pl\/index.php\/podstawy-lesnej-fotografii-dla-firm\/#breadcrumb"},"inLanguage":"pl-PL","potentialAction":[{"@type":"ReadAction","target":["https:\/\/zielonowglowie.edu.pl\/index.php\/podstawy-lesnej-fotografii-dla-firm\/"]}]},{"@type":"BreadcrumbList","@id":"https:\/\/zielonowglowie.edu.pl\/index.php\/podstawy-lesnej-fotografii-dla-firm\/#breadcrumb","itemListElement":[{"@type":"ListItem","position":1,"name":"Strona g\u0142\u00f3wna","item":"https:\/\/zielonowglowie.edu.pl\/"},{"@type":"ListItem","position":2,"name":"Podstawy le\u015bnej fotografii dla firm"}]},{"@type":"WebSite","@id":"https:\/\/zielonowglowie.edu.pl\/#website","url":"https:\/\/zielonowglowie.edu.pl\/","name":"Zielono w g\u0142owie","description":"Szkolenia i warsztaty inspirowane natur\u0105","publisher":{"@id":"https:\/\/zielonowglowie.edu.pl\/#organization"},"potentialAction":[{"@type":"SearchAction","target":{"@type":"EntryPoint","urlTemplate":"https:\/\/zielonowglowie.edu.pl\/?s={search_term_string}"},"query-input":{"@type":"PropertyValueSpecification","valueRequired":true,"valueName":"search_term_string"}}],"inLanguage":"pl-PL"},{"@type":"Organization","@id":"https:\/\/zielonowglowie.edu.pl\/#organization","name":"Zielono w g\u0142owie","url":"https:\/\/zielonowglowie.edu.pl\/","logo":{"@type":"ImageObject","inLanguage":"pl-PL","@id":"https:\/\/zielonowglowie.edu.pl\/#\/schema\/logo\/image\/","url":"https:\/\/zielonowglowie.edu.pl\/wp-content\/uploads\/2020\/04\/Zielono_w_glowie_logo.png","contentUrl":"https:\/\/zielonowglowie.edu.pl\/wp-content\/uploads\/2020\/04\/Zielono_w_glowie_logo.png","width":949,"height":172,"caption":"Zielono w g\u0142owie"},"image":{"@id":"https:\/\/zielonowglowie.edu.pl\/#\/schema\/logo\/image\/"},"sameAs":["https:\/\/www.linkedin.com\/company\/zielono-w-gowie\/","https:\/\/www.instagram.com\/zielonowglowie__\/"]}]}},"ticketed":false,"_links":{"self":[{"href":"https:\/\/zielonowglowie.edu.pl\/index.php\/wp-json\/wp\/v2\/pages\/699","targetHints":{"allow":["GET"]}}],"collection":[{"href":"https:\/\/zielonowglowie.edu.pl\/index.php\/wp-json\/wp\/v2\/pages"}],"about":[{"href":"https:\/\/zielonowglowie.edu.pl\/index.php\/wp-json\/wp\/v2\/types\/page"}],"author":[{"embeddable":true,"href":"https:\/\/zielonowglowie.edu.pl\/index.php\/wp-json\/wp\/v2\/users\/1"}],"replies":[{"embeddable":true,"href":"https:\/\/zielonowglowie.edu.pl\/index.php\/wp-json\/wp\/v2\/comments?post=699"}],"version-history":[{"count":9,"href":"https:\/\/zielonowglowie.edu.pl\/index.php\/wp-json\/wp\/v2\/pages\/699\/revisions"}],"predecessor-version":[{"id":719,"href":"https:\/\/zielonowglowie.edu.pl\/index.php\/wp-json\/wp\/v2\/pages\/699\/revisions\/719"}],"wp:attachment":[{"href":"https:\/\/zielonowglowie.edu.pl\/index.php\/wp-json\/wp\/v2\/media?parent=699"}],"curies":[{"name":"wp","href":"https:\/\/api.w.org\/{rel}","templated":true}]}}